{"id":95,"date":"2026-05-09T10:33:32","date_gmt":"2026-05-09T10:33:32","guid":{"rendered":"https:\/\/phanquangthuan.com\/?page_id=95"},"modified":"2026-05-10T03:27:10","modified_gmt":"2026-05-10T03:27:10","slug":"heart-surgery-publications","status":"publish","type":"page","link":"https:\/\/phanquangthuan.com\/vi\/heart-surgery-publications\/","title":{"rendered":"C\u00f4ng B\u1ed1 Ph\u1eabu Thu\u1eadt Tim M\u1ea1ch"},"content":{"rendered":"<div data-elementor-type=\"wp-post\" data-elementor-id=\"95\" class=\"elementor elementor-95\">\n\t\t\t\t\t\t<div class=\"elementor-element elementor-element-f9eea5a e-con e-atomic-element e-flexbox-base\" data-id=\"f9eea5a\" data-element_type=\"e-flexbox\" data-e-type=\"e-flexbox\" data-interaction-id=\"f9eea5a\">\n\t\t\t\t<div class=\"elementor-element elementor-element-818029a e-con e-atomic-element e-flexbox-base\" data-id=\"818029a\" data-element_type=\"e-flexbox\" data-e-type=\"e-flexbox\" data-interaction-id=\"818029a\">\n\t\t\t\t\t\t\t<h2 \n\t\tdata-interaction-id=\"83e9459\" \n\t\tclass=\"e-heading-base\" \n\t\t \n\t\t\n\t>\n\t\n\t\t\tC\u00f4ng B\u1ed1 Ph\u1eabu Thu\u1eadt Tim M\u1ea1ch\n\t\t<\/h2>\n\t\t\t\t<\/div>\n\t\t\t\t<\/div>\n\t\t\t\t<div class=\"elementor-element elementor-element-ab9ff35 e-con e-atomic-element e-flexbox-base\" data-id=\"ab9ff35\" data-element_type=\"e-flexbox\" data-e-type=\"e-flexbox\" data-interaction-id=\"ab9ff35\">\n\t\t\t\t\t\t\t\t<p class=\"e-paragraph-base\" data-interaction-id=\"eaf5a8e\"  >\n\t\t\t\t\t\t\t\tPh\u1ea7n n\u00e0y gi\u1edbi thi\u1ec7u c\u00e1c \u1ea5n ph\u1ea9m, b\u00e1o c\u00e1o ca b\u1ec7nh, b\u00e1o c\u00e1o k\u1ef9 thu\u1eadt v\u00e0 c\u00f4ng tr\u00ecnh nghi\u00ean c\u1ee9u ch\u1ecdn l\u1ecdc c\u1ee7a B\u00e1c s\u0129 Phan Quang Thu\u1eadn trong l\u0129nh v\u1ef1c ph\u1eabu thu\u1eadt tim m\u1ea1ch. C\u00e1c l\u0129nh v\u1ef1c ch\u00ednh bao g\u1ed3m ph\u1eabu thu\u1eadt tim x\u00e2m l\u1ea5n t\u1ed1i thi\u1ec3u, ph\u1eabu thu\u1eadt van hai l\u00e1 n\u1ed9i soi ho\u00e0n to\u00e0n, ph\u1eabu thu\u1eadt \u0111\u1ed9ng m\u1ea1ch ch\u1ee7, gh\u00e9p tim ph\u1ed5i, h\u1ed7 tr\u1ee3 tu\u1ea7n ho\u00e0n c\u01a1 h\u1ecdc v\u00e0 \u0111\u1ed5i m\u1edbi ph\u1eabu thu\u1eadt.\n\t\t\t\t\t<\/p>\n\t\t\t\t<\/div>\n\t\t<div data-aos=\"fade-up\" class=\"hostinger-elementor-aos elementor-element elementor-element-e70710b e-flex e-con-boxed e-con e-parent\" data-id=\"e70710b\" data-element_type=\"container\" data-e-type=\"container\">\n\t\t\t\t\t<div class=\"e-con-inner\">\n\t\t\t\t\t\t\t<h2 \n\t\tdata-interaction-id=\"097ea70\" \n\t\tclass=\"e-heading-base\" \n\t\t \n\t\t\n\t>\n\t\n\t\t\tCh\u1ecdn Nghi\u00ean C\u1ee9u\n\t\t<\/h2>\n\t\t\t\t\t<\/div>\n\t\t\t\t<\/div>\n\t\t<div data-aos=\"fade-up\" class=\"hostinger-elementor-aos elementor-element elementor-element-c5b933d e-flex e-con-boxed e-con e-parent\" data-id=\"c5b933d\" data-element_type=\"container\" data-e-type=\"container\">\n\t\t\t\t\t<div class=\"e-con-inner\">\n\t\t\t\t\t\t\t\t<p class=\"e-paragraph-base\" data-interaction-id=\"6bc9865\"  >\n\t\t\t\t\t\t\t<a href=\"https:\/\/pubmed.ncbi.nlm.nih.gov\/36002853\/\" target=\"_self\" class=\"e-paragraph-link-base\" rel=\"noopener\">\n\t\t\t\t\t\t1.&nbsp;&nbsp;&nbsp;&nbsp; Thuan, P.Q., Phuong, P.P.P., Anh, H.P.N.&nbsp;et al.&nbsp;Surgical treatment of tension pneumomediastinum in patients with covid-19 at the field hospital: a case series.&nbsp;J Cardiothorac Surg&nbsp;17, 202 (2022).\n\t\t\t\t<\/a>\n\t\t\t\t\t<\/p>\n\t\t\t\t\t<\/div>\n\t\t\t\t<\/div>\n\t\t<div data-aos=\"fade-up\" class=\"hostinger-elementor-aos elementor-element elementor-element-0386642 e-flex e-con-boxed e-con e-parent\" data-id=\"0386642\" data-element_type=\"container\" data-e-type=\"container\">\n\t\t\t\t\t<div class=\"e-con-inner\">\n\t\t\t\t\t\t\t\t<p class=\"e-paragraph-base\" data-interaction-id=\"ba6681d\"  >\n\t\t\t\t\t\t\t<a href=\"https:\/\/pmc.ncbi.nlm.nih.gov\/articles\/PMC10617886\/\" target=\"_self\" class=\"e-paragraph-link-base\" rel=\"noopener\">\n\t\t\t\t\t\t2.&nbsp;&nbsp;&nbsp;&nbsp; Thuan PQ, Chuong PTV, Dinh NH. Adoption of minimally invasive mitral valve surgery: single-centre implementation experience in Vietnam. Ann Med Surg (Lond). 2023;85(11):5550-5556. Published 2023 Sep 13. doi:10.1097\/MS9.0000000000001323\n\t\t\t\t<\/a>\n\t\t\t\t\t<\/p>\n\t\t\t\t\t<\/div>\n\t\t\t\t<\/div>\n\t\t<div data-aos=\"fade-up\" class=\"hostinger-elementor-aos elementor-element elementor-element-9256cc5 e-flex e-con-boxed e-con e-parent\" data-id=\"9256cc5\" data-element_type=\"container\" data-e-type=\"container\">\n\t\t\t\t\t<div class=\"e-con-inner\">\n\t\t\t\t\t\t\t\t<p class=\"e-paragraph-base\" data-interaction-id=\"fc22f77\"  >\n\t\t\t\t\t\t\t<a href=\"https:\/\/pmc.ncbi.nlm.nih.gov\/articles\/PMC10641953\/\" target=\"_self\" class=\"e-paragraph-link-base\" rel=\"noopener\">\n\t\t\t\t\t\t3.&nbsp;&nbsp;&nbsp;&nbsp; Phan TQ, Pham CTV, Bui VDA, et al. Minimally invasive resection of heart valve papillary fibroelastoma: two case reports and review of the literature. J Cardiothorac Surg. 2023;18(1):320. Published 2023 Nov 13. doi:10.1186\/s13019-023-02392-1\n\t\t\t\t<\/a>\n\t\t\t\t\t<\/p>\n\t\t\t\t\t<\/div>\n\t\t\t\t<\/div>\n\t\t<div data-aos=\"fade-up\" class=\"hostinger-elementor-aos elementor-element elementor-element-f349696 e-flex e-con-boxed e-con e-parent\" data-id=\"f349696\" data-element_type=\"container\" data-e-type=\"container\">\n\t\t\t\t\t<div class=\"e-con-inner\">\n\t\t\t\t\t\t\t\t<p class=\"e-paragraph-base\" data-interaction-id=\"e9cde3c\"  >\n\t\t\t\t\t\t\t<a href=\"https:\/\/pmc.ncbi.nlm.nih.gov\/articles\/PMC10767183\/\" target=\"_self\" class=\"e-paragraph-link-base\" rel=\"noopener\">\n\t\t\t\t\t\t4.&nbsp;&nbsp;&nbsp;&nbsp; Thuan PQ, Chuong PTV, Thang HD, Nhiem DL, Nam NH, Dinh NH. Successful surgical management of large pulmonary artery thrombosis in a patient with primary severe mitral regurgitation and complex congenital heart disease: A case report. Int J Surg Case Rep. Published online December 15, 2023. doi:10.1016\/j.ijscr.2023.109159\n\t\t\t\t<\/a>\n\t\t\t\t\t<\/p>\n\t\t\t\t\t<\/div>\n\t\t\t\t<\/div>\n\t\t\t\t<\/div>","protected":false},"excerpt":{"rendered":"<p>Heart Surgery Publications This section presents selected publications, case reports, technical reports, and academic works by Dr. Phan Quang Thuan in the field of cardiothoracic and vascular surgery. The main areas include minimally invasive cardiac surgery, totally endoscopic mitral valve surgery, aortic surgery, heart transplantation, mechanical circulatory support, and surgical innovation. Selected Publications 1.&nbsp;&nbsp;&nbsp;&nbsp; Thuan, [&hellip;]<\/p>\n","protected":false},"author":1,"featured_media":0,"parent":0,"menu_order":0,"comment_status":"closed","ping_status":"closed","template":"","meta":{"footnotes":""},"class_list":["post-95","page","type-page","status-publish","hentry"],"_hostinger_reach_plugin_has_subscription_block":false,"_hostinger_reach_plugin_is_elementor":false,"_links":{"self":[{"href":"https:\/\/phanquangthuan.com\/vi\/wp-json\/wp\/v2\/pages\/95","targetHints":{"allow":["GET"]}}],"collection":[{"href":"https:\/\/phanquangthuan.com\/vi\/wp-json\/wp\/v2\/pages"}],"about":[{"href":"https:\/\/phanquangthuan.com\/vi\/wp-json\/wp\/v2\/types\/page"}],"author":[{"embeddable":true,"href":"https:\/\/phanquangthuan.com\/vi\/wp-json\/wp\/v2\/users\/1"}],"replies":[{"embeddable":true,"href":"https:\/\/phanquangthuan.com\/vi\/wp-json\/wp\/v2\/comments?post=95"}],"version-history":[{"count":11,"href":"https:\/\/phanquangthuan.com\/vi\/wp-json\/wp\/v2\/pages\/95\/revisions"}],"predecessor-version":[{"id":168,"href":"https:\/\/phanquangthuan.com\/vi\/wp-json\/wp\/v2\/pages\/95\/revisions\/168"}],"wp:attachment":[{"href":"https:\/\/phanquangthuan.com\/vi\/wp-json\/wp\/v2\/media?parent=95"}],"curies":[{"name":"wp","href":"https:\/\/api.w.org\/{rel}","templated":true}]}}