{"id":40,"date":"2026-05-07T15:42:19","date_gmt":"2026-05-07T15:42:19","guid":{"rendered":"https:\/\/salmon-mink-776594.hostingersite.com\/contact\/"},"modified":"2026-05-11T09:20:06","modified_gmt":"2026-05-11T09:20:06","slug":"contact","status":"publish","type":"page","link":"https:\/\/phanquangthuan.com\/vi\/contact\/","title":{"rendered":"Contact"},"content":{"rendered":"<div data-elementor-type=\"wp-page\" data-elementor-id=\"40\" class=\"elementor elementor-40\">\n\t\t\t\t<div data-aos=\"fade-up\" class=\"hostinger-elementor-aos elementor-element elementor-element-d3111dd e-flex e-con-boxed e-con e-parent\" data-id=\"d3111dd\" data-element_type=\"container\" data-e-type=\"container\">\n\t\t\t\t\t<div class=\"e-con-inner\">\n\t\t<div data-aos=\"fade-up\" class=\"hostinger-elementor-aos elementor-element elementor-element-3ae9a29 e-grid hostinger-ai-contact-form-2 e-con-full e-con e-child\" data-id=\"3ae9a29\" data-element_type=\"container\" data-e-type=\"container\">\n\t\t<div data-aos=\"fade-up\" class=\"hostinger-elementor-aos elementor-element elementor-element-28d18f8 e-con-full e-flex e-con e-child\" data-id=\"28d18f8\" data-element_type=\"container\" data-e-type=\"container\">\n\t\t\t\t<div class=\"elementor-element elementor-element-b2a0b14 hostinger-ai-title elementor-widget elementor-widget-heading\" data-id=\"b2a0b14\" data-element_type=\"widget\" data-e-type=\"widget\" data-widget_type=\"heading.default\">\n\t\t\t\t\t<h2 class=\"elementor-heading-title elementor-size-default\"><br><br>Get in Touch<\/h2>\t\t\t\t<\/div>\n\t\t\t\t<div class=\"elementor-element elementor-element-95ecea1 hostinger-ai-description elementor-widget elementor-widget-text-editor\" data-id=\"95ecea1\" data-element_type=\"widget\" data-e-type=\"widget\" data-widget_type=\"text-editor.default\">\n\t\t\t\t\t\t\t\t\t<p>Here<\/p>\t\t\t\t\t\t\t\t<\/div>\n\t\t\t\t<div class=\"elementor-element elementor-element-5211450 elementor-widget__width-initial elementor-widget elementor-widget-hostinger-contact-form\" data-id=\"5211450\" data-element_type=\"widget\" data-e-type=\"widget\" data-widget_type=\"hostinger-contact-form.default\">\n\t\t\t\t<div class=\"elementor-widget-container\">\n\t\t\t\t\t        <div class=\"hostinger-elementor-contact-form\">\n            <section class=\"hts-section hts-page hts-contact-form\">\n                <div class=\"hts-details\">\n                    <div class=\"elementor-hts-contact-details elementor-hts-contacts\">\n                        \n                        \n                        <form id=\"contact-form-6a01da939640b\" data-recipient=\"cGhhbnF1YW5ndGh1YW4ubWRAZ21haWwuY29t\" action=\"\">\n                            <input type=\"hidden\" id=\"contactform_nonce\" name=\"contactform_nonce\" value=\"c334cbd634\" \/><input type=\"hidden\" name=\"_wp_http_referer\" value=\"\/vi\/wp-json\/wp\/v2\/pages\/40\" \/>\n                            <label for=\"contact-form-6a01da939640b-name\">Name<\/label>\n                            <input type=\"text\"\n                                   id=\"contact-form-6a01da939640b-name\"\n                                   class=\"contact-name\"\n                                   name=\"name\"\n                                   placeholder=\"What&#039;s your name?\"\n                                   required>\n\n                            <label for=\"contact-form-6a01da939640b-email\">Email<\/label>\n                            <input type=\"email\"\n                                   id=\"contact-form-6a01da939640b-email\"\n                                   class=\"contact-email\"\n                                   name=\"email\"\n                                   placeholder=\"What&#039;s your email?\"\n                                   required>\n\n                            \n                            <label for=\"contact-form-6a01da939640b-message\">Message<\/label>\n                            <textarea id=\"contact-form-6a01da939640b-message\"\n                                      class=\"contact-message\"\n                                      name=\"message\"\n                                      placeholder=\"Write your message...\"\n                                      required><\/textarea>\n\n                            <div class=\"hts-privacy-agree\">\n                                <label class=\"hts-form-control\">\n                                    <input type=\"checkbox\"\n                                           id=\"contact-form-6a01da939640b-privacy-policy-checkbox\"\n                                           class=\"privacy-policy-checkbox\"\n                                           name=\"privacy_policy\"\n                                           required>\n                                    <span>T\u00f4i \u0111\u1ed3ng \u00fd d\u00f9ng th\u00f4ng tin c\u00e1 nh\u00e2n \u0111\u01b0\u1ee3c cung c\u1ea5p cho m\u1ee5c \u0111\u00edch tr\u1ea3 l\u1eddi y\u00eau c\u1ea7u nh\u01b0 m\u00f4 t\u1ea3 trong <a href=\"\" target=\"_blank\">Ch\u00ednh s\u00e1ch B\u1ea3o m\u1eadt<\/a> m\u00e0 t\u00f4i \u0111\u00e3 \u0111\u1ecdc. T\u00f4i c\u00f3 th\u1ec3 r\u00fat l\u1ea1i s\u1ef1 \u0111\u1ed3ng \u00fd b\u1ea5t k\u1ef3 l\u00fac n\u00e0o.<\/span>\n                                <\/label>\n                            <\/div>\n\n                            <input type=\"submit\" value=\"Send Message\">\n                            <div class=\"validate-message\"><\/div>\n                        <input type=\"hidden\" name=\"trp-form-language\" value=\"vi\"\/><\/form>\n                    <\/div>\n                <\/div>\n            <\/section>\n        <\/div>\n        \t\t\t\t<\/div>\n\t\t\t\t<\/div>\n\t\t\t\t<\/div>\n\t\t<div data-aos=\"fade-up\" class=\"hostinger-elementor-aos elementor-element elementor-element-9aa380d e-con-full e-flex e-con e-child\" data-id=\"9aa380d\" data-element_type=\"container\" data-e-type=\"container\">\n\t\t\t\t<div class=\"elementor-element elementor-element-873cd9d hostinger-ai-image elementor-widget elementor-widget-image\" data-id=\"873cd9d\" data-element_type=\"widget\" data-e-type=\"widget\" data-widget_type=\"image.default\">\n\t\t\t\t\t\t\t\t\t\t\t\t\t\t\t<img decoding=\"async\" src=\"https:\/\/images.unsplash.com\/photo-1675270690434-aa99f4871e8a?q=85&#038;w=400&#038;h=400&#038;fit=crop\" title=\"\" alt=\"\" loading=\"lazy\" \/>\t\t\t\t\t\t\t\t\t\t\t\t\t\t\t<\/div>\n\t\t\t\t<\/div>\n\t\t\t\t<\/div>\n\t\t\t\t\t<\/div>\n\t\t\t\t<\/div>\n\t\t<div data-aos=\"fade-up\" class=\"hostinger-elementor-aos elementor-element elementor-element-425a1bf e-flex e-con-boxed e-con e-parent\" data-id=\"425a1bf\" data-element_type=\"container\" data-e-type=\"container\" data-settings=\"{&quot;background_background&quot;:&quot;classic&quot;}\">\n\t\t\t\t\t<div class=\"e-con-inner\">\n\t\t<div data-aos=\"fade-up\" class=\"hostinger-elementor-aos elementor-element elementor-element-8eb3a11 e-con-full e-flex e-con e-child\" data-id=\"8eb3a11\" data-element_type=\"container\" data-e-type=\"container\">\n\t\t\t\t<div class=\"elementor-element elementor-element-2516ff0 hostinger-ai-title elementor-widget elementor-widget-heading\" data-id=\"2516ff0\" data-element_type=\"widget\" data-e-type=\"widget\" data-widget_type=\"heading.default\">\n\t\t\t\t\t<h2 class=\"elementor-heading-title elementor-size-default\"><a href=\"https:\/\/phanquangthuan.com\/vi\/contact\/\">Get in Touch<\/a><\/h2>\t\t\t\t<\/div>\n\t\t\t\t<div class=\"elementor-element elementor-element-bb2189c elementor-widget__width-initial hostinger-ai-description elementor-widget elementor-widget-text-editor\" data-id=\"bb2189c\" data-element_type=\"widget\" data-e-type=\"widget\" data-widget_type=\"text-editor.default\">\n\t\t\t\t\t\t\t\t\tReach out to Dr. Phan Quang Thuan for consultations or collaborations.\t\t\t\t\t\t\t\t<\/div>\n\t\t\t\t<div class=\"elementor-element elementor-element-c0f4a8e hostinger-ai-cta-button hostinger-index-0 elementor-widget elementor-widget-button\" data-id=\"c0f4a8e\" data-element_type=\"widget\" data-e-type=\"widget\" data-widget_type=\"button.default\">\n\t\t\t\t\t\t\t\t\t\t<a class=\"elementor-button elementor-button-link elementor-size-sm\" href=\"https:\/\/phanquangthuan.com\/vi\/contact\/\">\n\t\t\t\t\t\t<span class=\"elementor-button-content-wrapper\">\n\t\t\t\t\t\t\t\t\t<span class=\"elementor-button-text\">Contact<\/span>\n\t\t\t\t\t<\/span>\n\t\t\t\t\t<\/a>\n\t\t\t\t\t\t\t\t<\/div>\n\t\t\t\t<\/div>\n\t\t\t\t\t<\/div>\n\t\t\t\t<\/div>\n\t\t\t\t<\/div>","protected":false},"excerpt":{"rendered":"<p>Get in Touch Here Name Email Message I consent to use of provided personal data for the purpose of responding to the request as described in Privacy Policy which I have read. I may withdraw my consent at any time. Get in Touch Reach out to Dr. Phan Quang Thuan for consultations or collaborations. Contact<\/p>","protected":false},"author":1,"featured_media":0,"parent":0,"menu_order":0,"comment_status":"closed","ping_status":"closed","template":"","meta":{"footnotes":""},"class_list":["post-40","page","type-page","status-publish","hentry"],"_hostinger_reach_plugin_has_subscription_block":false,"_hostinger_reach_plugin_is_elementor":false,"_links":{"self":[{"href":"https:\/\/phanquangthuan.com\/vi\/wp-json\/wp\/v2\/pages\/40","targetHints":{"allow":["GET"]}}],"collection":[{"href":"https:\/\/phanquangthuan.com\/vi\/wp-json\/wp\/v2\/pages"}],"about":[{"href":"https:\/\/phanquangthuan.com\/vi\/wp-json\/wp\/v2\/types\/page"}],"author":[{"embeddable":true,"href":"https:\/\/phanquangthuan.com\/vi\/wp-json\/wp\/v2\/users\/1"}],"replies":[{"embeddable":true,"href":"https:\/\/phanquangthuan.com\/vi\/wp-json\/wp\/v2\/comments?post=40"}],"version-history":[{"count":6,"href":"https:\/\/phanquangthuan.com\/vi\/wp-json\/wp\/v2\/pages\/40\/revisions"}],"predecessor-version":[{"id":293,"href":"https:\/\/phanquangthuan.com\/vi\/wp-json\/wp\/v2\/pages\/40\/revisions\/293"}],"wp:attachment":[{"href":"https:\/\/phanquangthuan.com\/vi\/wp-json\/wp\/v2\/media?parent=40"}],"curies":[{"name":"wp","href":"https:\/\/api.w.org\/{rel}","templated":true}]}}