{"id":34,"date":"2026-05-07T15:41:49","date_gmt":"2026-05-07T15:41:49","guid":{"rendered":"https:\/\/salmon-mink-776594.hostingersite.com\/biography\/"},"modified":"2026-05-11T08:59:02","modified_gmt":"2026-05-11T08:59:02","slug":"biography","status":"publish","type":"page","link":"https:\/\/phanquangthuan.com\/vi\/biography\/","title":{"rendered":"Ti\u1ec3u s\u1eed"},"content":{"rendered":"<div data-elementor-type=\"wp-page\" data-elementor-id=\"34\" class=\"elementor elementor-34\">\n\t\t\t\t<div data-aos=\"fade-up\" class=\"hostinger-elementor-aos elementor-element elementor-element-83589cf e-grid hostinger-ai-resume-2 e-con-boxed e-con e-parent\" data-id=\"83589cf\" data-element_type=\"container\" data-e-type=\"container\">\n\t\t\t\t\t<div class=\"e-con-inner\">\n\t\t<div data-aos=\"fade-up\" class=\"hostinger-elementor-aos elementor-element elementor-element-741c4c2 e-con-full e-grid e-con e-child\" data-id=\"741c4c2\" data-element_type=\"container\" data-e-type=\"container\">\n\t\t\t\t<div class=\"elementor-element elementor-element-58509ed hostinger-ai-title elementor-widget elementor-widget-heading\" data-id=\"58509ed\" data-element_type=\"widget\" data-e-type=\"widget\" data-widget_type=\"heading.default\">\n\t\t\t\t\t<h2 class=\"elementor-heading-title elementor-size-default\"><br><br><br>S\u1ef1 nghi\u1ec7p<\/h2>\t\t\t\t<\/div>\n\t\t\t\t<div class=\"elementor-element elementor-element-e8e9bb6 hostinger-ai-title hostinger-index-1 elementor-widget elementor-widget-heading\" data-id=\"e8e9bb6\" data-element_type=\"widget\" data-e-type=\"widget\" data-widget_type=\"heading.default\">\n\t\t\t\t\t<h2 class=\"elementor-heading-title elementor-size-default\"><br><br>T\u1ed5ng quan<\/h2>\t\t\t\t<\/div>\n\t\t\t\t<\/div>\n\t\t<div data-aos=\"fade-up\" class=\"hostinger-elementor-aos elementor-element elementor-element-9ad70ad e-con-full e-flex e-con e-child\" data-id=\"9ad70ad\" data-element_type=\"container\" data-e-type=\"container\">\n\t\t<div data-aos=\"fade-up\" class=\"hostinger-elementor-aos elementor-element elementor-element-75594f1 e-con-full e-flex e-con e-child\" data-id=\"75594f1\" data-element_type=\"container\" data-e-type=\"container\">\n\t\t\t\t<div class=\"elementor-element elementor-element-6186e7b hostinger-ai-description elementor-widget elementor-widget-text-editor\" data-id=\"6186e7b\" data-element_type=\"widget\" data-e-type=\"widget\" data-widget_type=\"text-editor.default\">\n\t\t\t\t\t\t\t\t\t<p><\/p>\n<p><br><\/p><p><br><\/p><p>B\u00e1c s\u0129 Phan Quang Thu\u1eadn l\u00e0 b\u00e1c s\u0129 ph\u1eabu thu\u1eadt tim m\u1ea1ch v\u00e0 l\u1ed3ng ng\u1ef1c \u0111\u1ebfn t\u1eeb Vi\u1ec7t Nam. L\u0129nh v\u1ef1c chuy\u00ean m\u00f4n v\u00e0 h\u1ecdc thu\u1eadt c\u1ee7a \u00f4ng t\u1eadp trung v\u00e0o ph\u1eabu thu\u1eadt tim x\u00e2m l\u1ea5n t\u1ed1i thi\u1ec3u, ph\u1eabu thu\u1eadt van hai l\u00e1 n\u1ed9i soi ho\u00e0n to\u00e0n, ph\u1eabu thu\u1eadt \u0111\u1ed9ng m\u1ea1ch ch\u1ee7, gh\u00e9p tim ph\u1ed5i, h\u1ed7 tr\u1ee3 tu\u1ea7n ho\u00e0n c\u01a1 h\u1ecdc v\u00e0 \u1ee9ng d\u1ee5ng tr\u00ed tu\u1ec7 nh\u00e2n t\u1ea1o trong ph\u00e2n t\u00edch video ph\u1eabu thu\u1eadt v\u00e0 gi\u00e1o d\u1ee5c.<\/p>\n<p>\u00d4ng t\u1eadn t\u00e2m c\u1ed1ng hi\u1ebfn cho vi\u1ec7c n\u00e2ng cao ch\u1ea5t l\u01b0\u1ee3ng ch\u0103m s\u00f3c b\u1ec7nh nh\u00e2n, \u0111\u1ed5i m\u1edbi ph\u1eabu thu\u1eadt, nghi\u00ean c\u1ee9u h\u1ecdc thu\u1eadt v\u00e0 h\u1ee3p t\u00e1c qu\u1ed1c t\u1ebf trong l\u0129nh v\u1ef1c ph\u1eabu thu\u1eadt tim m\u1ea1ch v\u00e0 l\u1ed3ng ng\u1ef1c.<\/p>\t\t\t\t\t\t\t\t<\/div>\n\t\t\t\t<div class=\"elementor-element elementor-element-6f1afce hostinger-ai-description hostinger-index-1 elementor-widget elementor-widget-heading\" data-id=\"6f1afce\" data-element_type=\"widget\" data-e-type=\"widget\" data-widget_type=\"heading.default\">\n\t\t\t\t\t<p class=\"elementor-heading-title elementor-size-default\">\u00d4ng theo \u0111u\u1ed5i ng\u00e0nh y v\u1edbi ni\u1ec1m \u0111am m\u00ea \u0111\u1ed1i v\u1edbi s\u1ee9c kh\u1ecfe tim m\u1ea1ch.<\/p>\t\t\t\t<\/div>\n\t\t\t\t<\/div>\n\t\t<div data-aos=\"fade-up\" class=\"hostinger-elementor-aos elementor-element elementor-element-110ed61 e-con-full e-flex e-con e-child\" data-id=\"110ed61\" data-element_type=\"container\" data-e-type=\"container\">\n\t\t\t\t<div class=\"elementor-element elementor-element-2e0e067 hostinger-ai-subtitle hostinger-index-1 elementor-widget elementor-widget-heading\" data-id=\"2e0e067\" data-element_type=\"widget\" data-e-type=\"widget\" data-widget_type=\"heading.default\">\n\t\t\t\t\t<p class=\"elementor-heading-title elementor-size-default\">Gi\u00e1o d\u1ee5c v\u00e0 \u0111\u00e0o t\u1ea1o<\/p>\t\t\t\t<\/div>\n\t\t\t\t<div class=\"elementor-element elementor-element-b797497 hostinger-ai-workplace hostinger-index-1 elementor-widget elementor-widget-heading\" data-id=\"b797497\" data-element_type=\"widget\" data-e-type=\"widget\" data-widget_type=\"heading.default\">\n\t\t\t\t\t<p class=\"elementor-heading-title elementor-size-default\">\u0110\u1ea1i h\u1ecdc Y D\u01b0\u1ee3c Th\u00e0nh ph\u1ed1 H\u1ed3 Ch\u00ed Minh<\/p>\t\t\t\t<\/div>\n\t\t\t\t<div class=\"elementor-element elementor-element-3c84c48 hostinger-ai-date hostinger-index-1 elementor-widget elementor-widget-heading\" data-id=\"3c84c48\" data-element_type=\"widget\" data-e-type=\"widget\" data-widget_type=\"heading.default\">\n\t\t\t\t\t<p class=\"elementor-heading-title elementor-size-default\">2009 -2015<\/p>\t\t\t\t<\/div>\n\t\t\t\t<div class=\"elementor-element elementor-element-d3baf18 hostinger-ai-subtitle hostinger-index-2 elementor-widget elementor-widget-heading\" data-id=\"d3baf18\" data-element_type=\"widget\" data-e-type=\"widget\" data-widget_type=\"heading.default\">\n\t\t\t\t\t<p class=\"elementor-heading-title elementor-size-default\">Qu\u00e1 tr\u00ecnh c\u00f4ng t\u00e1c<\/p>\t\t\t\t<\/div>\n\t\t\t\t<div class=\"elementor-element elementor-element-7cedb77 hostinger-ai-workplace hostinger-index-2 elementor-widget elementor-widget-heading\" data-id=\"7cedb77\" data-element_type=\"widget\" data-e-type=\"widget\" data-widget_type=\"heading.default\">\n\t\t\t\t\t<p class=\"elementor-heading-title elementor-size-default\">B\u1ec7nh vi\u1ec7n \u0110\u1ea1i h\u1ecdc Y D\u01b0\u1ee3c TP HCM<\/p>\t\t\t\t<\/div>\n\t\t\t\t<div class=\"elementor-element elementor-element-352dbfc hostinger-ai-date hostinger-index-2 elementor-widget elementor-widget-heading\" data-id=\"352dbfc\" data-element_type=\"widget\" data-e-type=\"widget\" data-widget_type=\"heading.default\">\n\t\t\t\t\t<p class=\"elementor-heading-title elementor-size-default\">2022 - Present<\/p>\t\t\t\t<\/div>\n\t\t\t\t<div class=\"elementor-element elementor-element-48d99f3 hostinger-ai-description hostinger-index-2 elementor-widget elementor-widget-heading\" data-id=\"48d99f3\" data-element_type=\"widget\" data-e-type=\"widget\" data-widget_type=\"heading.default\">\n\t\t\t\t\t<p class=\"elementor-heading-title elementor-size-default\">L\u00e0 m\u1ed9t b\u00e1c s\u0129 ph\u1eabu thu\u1eadt tim m\u1ea1ch v\u00e0 l\u1ed3ng ng\u1ef1c, t\u00f4i \u0111\u00e3 g\u00f3p ph\u1ea7n n\u00e2ng cao ch\u1ea5t l\u01b0\u1ee3ng ch\u0103m s\u00f3c b\u1ec7nh nh\u00e2n.<\/p>\t\t\t\t<\/div>\n\t\t\t\t<\/div>\n\t\t\t\t<\/div>\n\t\t\t\t\t<\/div>\n\t\t\t\t<\/div>\n\t\t<div data-aos=\"fade-up\" class=\"hostinger-elementor-aos elementor-element elementor-element-597439c hostinger-ai-about-us-1 e-flex e-con-boxed e-con e-parent\" data-id=\"597439c\" data-element_type=\"container\" data-e-type=\"container\">\n\t\t\t\t\t<div class=\"e-con-inner\">\n\t\t<div data-aos=\"fade-up\" class=\"hostinger-elementor-aos elementor-element elementor-element-9381adf e-con-full e-grid e-con e-child\" data-id=\"9381adf\" data-element_type=\"container\" data-e-type=\"container\">\n\t\t<div data-aos=\"fade-up\" class=\"hostinger-elementor-aos elementor-element elementor-element-4467dfa e-con-full e-flex e-con e-child\" data-id=\"4467dfa\" data-element_type=\"container\" data-e-type=\"container\">\n\t\t\t\t<div class=\"elementor-element elementor-element-8f2a5d3 hostinger-ai-title elementor-widget elementor-widget-heading\" data-id=\"8f2a5d3\" data-element_type=\"widget\" data-e-type=\"widget\" data-widget_type=\"heading.default\">\n\t\t\t\t\t<h2 class=\"elementor-heading-title elementor-size-default\">V\u1ec1 Bs Thu\u1eadn<\/h2>\t\t\t\t<\/div>\n\t\t\t\t<\/div>\n\t\t<div data-aos=\"fade-up\" class=\"hostinger-elementor-aos elementor-element elementor-element-c11dee4 e-con-full e-flex e-con e-child\" data-id=\"c11dee4\" data-element_type=\"container\" data-e-type=\"container\">\n\t\t\t\t<div class=\"elementor-element elementor-element-090e94c hostinger-ai-description elementor-widget elementor-widget-text-editor\" data-id=\"090e94c\" data-element_type=\"widget\" data-e-type=\"widget\" data-widget_type=\"text-editor.default\">\n\t\t\t\t\t\t\t\t\tB\u00e1c s\u0129 Phan Quang Thu\u1eadn l\u00e0 m\u1ed9t b\u00e1c s\u0129 ph\u1eabu thu\u1eadt tim m\u1ea1ch v\u00e0 l\u1ed3ng ng\u1ef1c t\u1eadn t\u00e2m \u0111\u1ebfn t\u1eeb Vi\u1ec7t Nam, k\u1ebft h\u1ee3p k\u1ef9 n\u0103ng ph\u1eabu thu\u1eadt chuy\u00ean s\u00e2u v\u1edbi s\u1ef1 ch\u0103m s\u00f3c b\u1ec7nh nh\u00e2n chu \u0111\u00e1o.\t\t\t\t\t\t\t\t<\/div>\n\t\t\t\t<div class=\"elementor-element elementor-element-b157ef3 hostinger-ai-cta-button hostinger-index-0 elementor-widget elementor-widget-button\" data-id=\"b157ef3\" data-element_type=\"widget\" data-e-type=\"widget\" data-widget_type=\"button.default\">\n\t\t\t\t\t\t\t\t\t\t<a class=\"elementor-button elementor-button-link elementor-size-sm\" href=\"https:\/\/salmon-mink-776594.hostingersite.com\/home\/\" target=\"_blank\" rel=\"noopener\">\n\t\t\t\t\t\t<span class=\"elementor-button-content-wrapper\">\n\t\t\t\t\t\t\t\t\t<span class=\"elementor-button-text\">T\u00ecm hi\u1ec3u th\u00eam<\/span>\n\t\t\t\t\t<\/span>\n\t\t\t\t\t<\/a>\n\t\t\t\t\t\t\t\t<\/div>\n\t\t\t\t<\/div>\n\t\t\t\t<\/div>\n\t\t<div data-aos=\"fade-up\" class=\"hostinger-elementor-aos elementor-element elementor-element-601be53 image-row e-con-full e-flex e-con e-child\" data-id=\"601be53\" data-element_type=\"container\" data-e-type=\"container\">\n\t\t\t\t<div class=\"elementor-element elementor-element-57f0e99 hostinger-ai-image hostinger-index-6 elementor-widget__width-initial elementor-widget elementor-widget-image\" data-id=\"57f0e99\" data-element_type=\"widget\" data-e-type=\"widget\" data-widget_type=\"image.default\">\n\t\t\t\t\t\t\t\t\t\t\t\t\t\t\t<img fetchpriority=\"high\" decoding=\"async\" width=\"853\" height=\"1280\" src=\"https:\/\/phanquangthuan.com\/wp-content\/uploads\/2026\/05\/z7805984741770_a8d6002a1d2e4cc269435c6bb61e2efc.jpg\" class=\"attachment-full size-full wp-image-85\" alt=\"\" srcset=\"https:\/\/phanquangthuan.com\/wp-content\/uploads\/2026\/05\/z7805984741770_a8d6002a1d2e4cc269435c6bb61e2efc.jpg 853w, https:\/\/phanquangthuan.com\/wp-content\/uploads\/2026\/05\/z7805984741770_a8d6002a1d2e4cc269435c6bb61e2efc-200x300.jpg 200w, https:\/\/phanquangthuan.com\/wp-content\/uploads\/2026\/05\/z7805984741770_a8d6002a1d2e4cc269435c6bb61e2efc-682x1024.jpg 682w, https:\/\/phanquangthuan.com\/wp-content\/uploads\/2026\/05\/z7805984741770_a8d6002a1d2e4cc269435c6bb61e2efc-768x1152.jpg 768w, https:\/\/phanquangthuan.com\/wp-content\/uploads\/2026\/05\/z7805984741770_a8d6002a1d2e4cc269435c6bb61e2efc-8x12.jpg 8w\" sizes=\"(max-width: 853px) 100vw, 853px\" \/>\t\t\t\t\t\t\t\t\t\t\t\t\t\t\t<\/div>\n\t\t\t\t<div class=\"elementor-element elementor-element-b8ff7d4 hostinger-ai-image hostinger-index-7 elementor-widget elementor-widget-image\" data-id=\"b8ff7d4\" data-element_type=\"widget\" data-e-type=\"widget\" data-widget_type=\"image.default\">\n\t\t\t\t\t\t\t\t\t\t\t\t\t\t\t<img decoding=\"async\" width=\"1122\" height=\"1402\" src=\"https:\/\/phanquangthuan.com\/wp-content\/uploads\/2026\/05\/z7812647457236_2bb58175f45e49dccb145f3144b6f43f.jpg\" class=\"attachment-full size-full wp-image-195\" alt=\"\" srcset=\"https:\/\/phanquangthuan.com\/wp-content\/uploads\/2026\/05\/z7812647457236_2bb58175f45e49dccb145f3144b6f43f.jpg 1122w, https:\/\/phanquangthuan.com\/wp-content\/uploads\/2026\/05\/z7812647457236_2bb58175f45e49dccb145f3144b6f43f-240x300.jpg 240w, https:\/\/phanquangthuan.com\/wp-content\/uploads\/2026\/05\/z7812647457236_2bb58175f45e49dccb145f3144b6f43f-819x1024.jpg 819w, https:\/\/phanquangthuan.com\/wp-content\/uploads\/2026\/05\/z7812647457236_2bb58175f45e49dccb145f3144b6f43f-768x960.jpg 768w, https:\/\/phanquangthuan.com\/wp-content\/uploads\/2026\/05\/z7812647457236_2bb58175f45e49dccb145f3144b6f43f-10x12.jpg 10w\" sizes=\"(max-width: 1122px) 100vw, 1122px\" \/>\t\t\t\t\t\t\t\t\t\t\t\t\t\t\t<\/div>\n\t\t\t\t<\/div>\n\t\t\t\t\t<\/div>\n\t\t\t\t<\/div>\n\t\t<div data-aos=\"fade-up\" class=\"hostinger-elementor-aos elementor-element elementor-element-4c91a74 e-flex e-con-boxed e-con e-parent\" data-id=\"4c91a74\" data-element_type=\"container\" data-e-type=\"container\">\n\t\t\t\t\t<div class=\"e-con-inner\">\n\t\t<div data-aos=\"fade-up\" class=\"hostinger-elementor-aos elementor-element elementor-element-f22cc8a e-con-full e-flex e-con e-child\" data-id=\"f22cc8a\" data-element_type=\"container\" data-e-type=\"container\">\n\t\t\t\t\t\t\t<h2 \n\t\tdata-interaction-id=\"7e6f5c9\" \n\t\tclass=\"e-heading-base\" \n\t\t \n\t\t\n\t>\n\t\n\t\t\t<a href=\"https:\/\/phanquangthuan.com\/vi\/contact\/\" target=\"_self\" class=\"e-heading-link-base\">\n\t\t\tContact\n\t\t<\/a>\n\t\t<\/h2>\n\t\t\t\t<\/div>\n\t\t<div data-aos=\"fade-up\" class=\"hostinger-elementor-aos elementor-element elementor-element-c5600e3 e-con-full e-flex e-con e-child\" data-id=\"c5600e3\" data-element_type=\"container\" data-e-type=\"container\">\n\t\t\t\t\t\t\t\n\t\t\t\t<a href=\"https:\/\/phanquangthuan.com\/vi\/contact\/\" target=\"_self\" class=\"e-image-link-base\" data-interaction-id=\"72d277e\">\n\t\t<img class=\"e-image-base\" \n\t\t\t\t\tdata-interaction-id=\"72d277e\" \n\t\t \n\t\t \n\t\t\t\t\t\t\t\t\tid=\"283\"\n\t\t\t\t\t\t\t\t\t\t\t\tsrc=\"https:\/\/phanquangthuan.com\/wp-content\/uploads\/2026\/05\/OIP-1.jpg\"\n\t\t\t\t\t\t\t\t\t\t\t\twidth=\"180\"\n\t\t\t\t\t\t\t\t\t\t\t\theight=\"180\"\n\t\t\t\t\t\t\t\t\t\t\t\tsrcset=\"https:\/\/phanquangthuan.com\/wp-content\/uploads\/2026\/05\/OIP-1.jpg 180w, https:\/\/phanquangthuan.com\/wp-content\/uploads\/2026\/05\/OIP-1-150x150.jpg 150w, https:\/\/phanquangthuan.com\/wp-content\/uploads\/2026\/05\/OIP-1-12x12.jpg 12w\"\n\t\t\t\t\t\t\t\t\t\t\t\talt=\"\"\n\t\t\t\t\t\t\/>\n\t\t\t<\/a>\n\t\t\t\t\t<\/div>\n\t\t\t\t\t<\/div>\n\t\t\t\t<\/div>\n\t\t\t\t<\/div>","protected":false},"excerpt":{"rendered":"<p>My Journey Background Dr. Phan Quang Thuan is a cardiothoracic and vascular surgeon from Vietnam. His clinical and academic interests focus on minimally invasive cardiac surgery, totally endoscopic mitral valve surgery, aortic surgery, heart lung transplantation, mechanical circulatory support, and the application of artificial intelligence in surgical video analysis and education. He is dedicated to [&hellip;]<\/p>\n","protected":false},"author":1,"featured_media":0,"parent":0,"menu_order":0,"comment_status":"closed","ping_status":"closed","template":"","meta":{"footnotes":""},"class_list":["post-34","page","type-page","status-publish","hentry"],"_hostinger_reach_plugin_has_subscription_block":false,"_hostinger_reach_plugin_is_elementor":false,"_links":{"self":[{"href":"https:\/\/phanquangthuan.com\/vi\/wp-json\/wp\/v2\/pages\/34","targetHints":{"allow":["GET"]}}],"collection":[{"href":"https:\/\/phanquangthuan.com\/vi\/wp-json\/wp\/v2\/pages"}],"about":[{"href":"https:\/\/phanquangthuan.com\/vi\/wp-json\/wp\/v2\/types\/page"}],"author":[{"embeddable":true,"href":"https:\/\/phanquangthuan.com\/vi\/wp-json\/wp\/v2\/users\/1"}],"replies":[{"embeddable":true,"href":"https:\/\/phanquangthuan.com\/vi\/wp-json\/wp\/v2\/comments?post=34"}],"version-history":[{"count":33,"href":"https:\/\/phanquangthuan.com\/vi\/wp-json\/wp\/v2\/pages\/34\/revisions"}],"predecessor-version":[{"id":286,"href":"https:\/\/phanquangthuan.com\/vi\/wp-json\/wp\/v2\/pages\/34\/revisions\/286"}],"wp:attachment":[{"href":"https:\/\/phanquangthuan.com\/vi\/wp-json\/wp\/v2\/media?parent=34"}],"curies":[{"name":"wp","href":"https:\/\/api.w.org\/{rel}","templated":true}]}}