{"id":201,"date":"2026-05-11T02:46:10","date_gmt":"2026-05-11T02:46:10","guid":{"rendered":"https:\/\/phanquangthuan.com\/?page_id=201"},"modified":"2026-05-11T03:42:36","modified_gmt":"2026-05-11T03:42:36","slug":"health-library","status":"publish","type":"page","link":"https:\/\/phanquangthuan.com\/vi\/health-library\/","title":{"rendered":"Th\u01b0 vi\u1ec7n s\u1ee9c kh\u1ecfe"},"content":{"rendered":"<div data-elementor-type=\"wp-page\" data-elementor-id=\"201\" class=\"elementor elementor-201\">\n\t\t\t\t<div data-aos=\"fade-up\" class=\"hostinger-elementor-aos elementor-element elementor-element-5d821516 e-flex e-con-boxed e-con e-parent\" data-id=\"5d821516\" data-element_type=\"container\" data-e-type=\"container\">\n\t\t\t\t\t<div class=\"e-con-inner\">\n\t\t\t\t<div class=\"elementor-element elementor-element-1e0d9f8d elementor-widget elementor-widget-text-editor\" data-id=\"1e0d9f8d\" data-element_type=\"widget\" data-e-type=\"widget\" data-widget_type=\"text-editor.default\">\n\t\t\t\t\t\t\t\t\t<p><strong>\u00a0<\/strong><\/p>\n<p><strong>\u00a0<\/strong><\/p>\n<p><strong>TH\u01af VI\u1ec6N S\u1ee8C KH\u1eceE<\/strong><\/p>\n<p><!-- \/wp:paragraph --><!-- wp:paragraph --><\/p>\n<p>M\u1ee5c n\u00e0y cung c\u1ea5p c\u00e1c t\u00e0i li\u1ec7u gi\u00e1o d\u1ee5c s\u1ee9c kh\u1ecfe d\u00e0nh cho ng\u01b0\u1eddi b\u1ec7nh, gia \u0111\u00ecnh, sinh vi\u00ean v\u00e0 nh\u00e2n vi\u00ean y t\u1ebf.<\/p>\n<p><!-- \/wp:paragraph --><!-- wp:paragraph --><\/p>\n<p>N\u1ed9i dung t\u1eadp trung v\u00e0o s\u1ee9c kh\u1ecfe tim m\u1ea1ch, b\u1ec7nh van tim, b\u1ec7nh \u0111\u1ed9ng m\u1ea1ch ch\u1ee7, ph\u1eabu thu\u1eadt tim \u00edt x\u00e2m l\u1ea5n, gh\u00e9p tim, h\u1ed7 tr\u1ee3 tu\u1ea7n ho\u00e0n c\u01a1 h\u1ecdc, ph\u1ee5c h\u1ed3i sau ph\u1eabu thu\u1eadt v\u00e0 gi\u00e1o d\u1ee5c ng\u01b0\u1eddi b\u1ec7nh.<\/p>\n<p><!-- \/wp:paragraph --><!-- wp:paragraph --><\/p>\n<p>Th\u00f4ng tin tr\u00ean website ch\u1ec9 nh\u1eb1m m\u1ee5c \u0111\u00edch gi\u00e1o d\u1ee5c v\u00e0 kh\u00f4ng thay th\u1ebf cho t\u01b0 v\u1ea5n y khoa c\u00e1 nh\u00e2n.<\/p>\n<p><!-- \/wp:paragraph --><\/p>\t\t\t\t\t\t\t\t<\/div>\n\t\t\t\t\t<\/div>\n\t\t\t\t<\/div>\n\t\t<div data-aos=\"fade-up\" class=\"hostinger-elementor-aos elementor-element elementor-element-5e2a8da e-grid e-con-boxed e-con e-parent\" data-id=\"5e2a8da\" data-element_type=\"container\" data-e-type=\"container\">\n\t\t\t\t\t<div class=\"e-con-inner\">\n\t\t\t\t\t\t\t<h2 \n\t\tdata-interaction-id=\"fbd893a\" \n\t\tclass=\"e-heading-base\" \n\t\t \n\t\t\n\t>\n\t\n\t\t\t<a \n\t\t\thref=\"https:\/\/phanquangthuan.com\/vi\/heart-valve-disease\/\" target=\"_self\"\n\t\t\tclass=\"e-heading-link-base\">\n\t\t\tHeart Valve Disease<br>\n\t\t<\/a>\n\t\t<\/h2>\n\t\t\t\t\t\t\t\n\t\t\t\t<a\n\t\t\thref=\"https:\/\/phanquangthuan.com\/vi\/heart-valve-disease\/\" target=\"_self\"\n\t\t\tclass=\"e-image-link-base\"\n\t\t\tdata-interaction-id=\"85538c6\"\n\t\t>\n\t\t<img class=\"e-image-base\" \n\t\t\t\t\tdata-interaction-id=\"85538c6\" \n\t\t \n\t\t \n\t\t\t\t\t\t\t\t\tid=\"226\"\n\t\t\t\t\t\t\t\t\t\t\t\tsrc=\"https:\/\/phanquangthuan.com\/wp-content\/uploads\/2026\/05\/1200x0.jpg\"\n\t\t\t\t\t\t\t\t\t\t\t\twidth=\"1200\"\n\t\t\t\t\t\t\t\t\t\t\t\theight=\"1093\"\n\t\t\t\t\t\t\t\t\t\t\t\tsrcset=\"https:\/\/phanquangthuan.com\/wp-content\/uploads\/2026\/05\/1200x0.jpg 1200w, https:\/\/phanquangthuan.com\/wp-content\/uploads\/2026\/05\/1200x0-300x273.jpg 300w, https:\/\/phanquangthuan.com\/wp-content\/uploads\/2026\/05\/1200x0-1024x933.jpg 1024w, https:\/\/phanquangthuan.com\/wp-content\/uploads\/2026\/05\/1200x0-768x700.jpg 768w, https:\/\/phanquangthuan.com\/wp-content\/uploads\/2026\/05\/1200x0-13x12.jpg 13w\"\n\t\t\t\t\t\t\t\t\t\t\t\talt=\"\"\n\t\t\t\t\t\t\/>\n\t\t\t<\/a>\n\t\t\t\t\t\t    \t            <a\n            href=\"https:\/\/phanquangthuan.com\/vi\/heart-valve-disease\/\" target=\"_self\"\n            class=\"e-ef4b97e-111feb4 e-button-base\"\n            data-interaction-id=\"ef4b97e\"\n             \n        >\n            Learn More \u2192\n        <\/a>\n    \t\t\t\t\t<\/div>\n\t\t\t\t<\/div>\n\t\t<div data-aos=\"fade-up\" class=\"hostinger-elementor-aos elementor-element elementor-element-b88d28c e-grid e-con-boxed e-con e-parent\" data-id=\"b88d28c\" data-element_type=\"container\" data-e-type=\"container\">\n\t\t\t\t\t<div class=\"e-con-inner\">\n\t\t\t\t\t\t\t<h2 \n\t\tdata-interaction-id=\"8f08ad7\" \n\t\tclass=\"e-heading-base\" \n\t\t \n\t\t\n\t>\n\t\n\t\t\t<a \n\t\t\thref=\"https:\/\/phanquangthuan.com\/vi\/aortic-disease\/\" target=\"_self\"\n\t\t\tclass=\"e-heading-link-base\">\n\t\t\tAortic Disease\n\t\t<\/a>\n\t\t<\/h2>\n\t\t\t\t\t\t\t\n\t\t\t\t<a\n\t\t\thref=\"https:\/\/phanquangthuan.com\/vi\/aortic-disease\/\" target=\"_self\"\n\t\t\tclass=\"e-image-link-base\"\n\t\t\tdata-interaction-id=\"bb22880\"\n\t\t>\n\t\t<img class=\"e-image-base\" \n\t\t\t\t\tdata-interaction-id=\"bb22880\" \n\t\t \n\t\t \n\t\t\t\t\t\t\t\t\tid=\"231\"\n\t\t\t\t\t\t\t\t\t\t\t\tsrc=\"https:\/\/phanquangthuan.com\/wp-content\/uploads\/2026\/05\/aorticArch.jpg\"\n\t\t\t\t\t\t\t\t\t\t\t\twidth=\"800\"\n\t\t\t\t\t\t\t\t\t\t\t\theight=\"502\"\n\t\t\t\t\t\t\t\t\t\t\t\tsrcset=\"https:\/\/phanquangthuan.com\/wp-content\/uploads\/2026\/05\/aorticArch.jpg 800w, https:\/\/phanquangthuan.com\/wp-content\/uploads\/2026\/05\/aorticArch-300x188.jpg 300w, https:\/\/phanquangthuan.com\/wp-content\/uploads\/2026\/05\/aorticArch-768x482.jpg 768w, https:\/\/phanquangthuan.com\/wp-content\/uploads\/2026\/05\/aorticArch-18x12.jpg 18w\"\n\t\t\t\t\t\t\t\t\t\t\t\talt=\"\"\n\t\t\t\t\t\t\/>\n\t\t\t<\/a>\n\t\t\t\t\t\t    \t            <a\n            href=\"https:\/\/phanquangthuan.com\/vi\/aortic-disease\/\" target=\"_self\"\n            class=\"e-dd03cad-0a22283 e-button-base\"\n            data-interaction-id=\"dd03cad\"\n             \n        >\n            &nbsp; &nbsp; &nbsp; &nbsp; &nbsp; &nbsp; &nbsp; &nbsp; &nbsp; &nbsp; &nbsp; &nbsp; &nbsp; &nbsp; &nbsp; &nbsp; Learn More \u2192\n        <\/a>\n    \t\t\t\t\t<\/div>\n\t\t\t\t<\/div>\n\t\t<div data-aos=\"fade-up\" class=\"hostinger-elementor-aos elementor-element elementor-element-76cc10d e-grid e-con-boxed e-con e-parent\" data-id=\"76cc10d\" data-element_type=\"container\" data-e-type=\"container\">\n\t\t\t\t\t<div class=\"e-con-inner\">\n\t\t\t\t\t\t\t<h2 \n\t\tdata-interaction-id=\"cfe34e4\" \n\t\tclass=\"e-heading-base\" \n\t\t \n\t\t\n\t>\n\t\n\t\t\t<a \n\t\t\thref=\"https:\/\/phanquangthuan.com\/vi\/transplantation\/\" target=\"_self\"\n\t\t\tclass=\"e-heading-link-base\">\n\t\t\tTransplantation\n\t\t<\/a>\n\t\t<\/h2>\n\t\t\t\t\t\t\t\n\t\t\t\t<a\n\t\t\thref=\"https:\/\/phanquangthuan.com\/vi\/transplantation\/\" target=\"_self\"\n\t\t\tclass=\"e-image-link-base\"\n\t\t\tdata-interaction-id=\"dcd0876\"\n\t\t>\n\t\t<img class=\"e-image-base\" \n\t\t\t\t\tdata-interaction-id=\"dcd0876\" \n\t\t \n\t\t \n\t\t\t\t\t\t\t\t\tid=\"238\"\n\t\t\t\t\t\t\t\t\t\t\t\tsrc=\"https:\/\/phanquangthuan.com\/wp-content\/uploads\/2026\/05\/gr1_lrg.jpg\"\n\t\t\t\t\t\t\t\t\t\t\t\twidth=\"1750\"\n\t\t\t\t\t\t\t\t\t\t\t\theight=\"1597\"\n\t\t\t\t\t\t\t\t\t\t\t\tsrcset=\"https:\/\/phanquangthuan.com\/wp-content\/uploads\/2026\/05\/gr1_lrg.jpg 1750w, https:\/\/phanquangthuan.com\/wp-content\/uploads\/2026\/05\/gr1_lrg-300x274.jpg 300w, https:\/\/phanquangthuan.com\/wp-content\/uploads\/2026\/05\/gr1_lrg-1024x934.jpg 1024w, https:\/\/phanquangthuan.com\/wp-content\/uploads\/2026\/05\/gr1_lrg-768x701.jpg 768w, https:\/\/phanquangthuan.com\/wp-content\/uploads\/2026\/05\/gr1_lrg-1536x1402.jpg 1536w, https:\/\/phanquangthuan.com\/wp-content\/uploads\/2026\/05\/gr1_lrg-13x12.jpg 13w\"\n\t\t\t\t\t\t\t\t\t\t\t\talt=\"\"\n\t\t\t\t\t\t\/>\n\t\t\t<\/a>\n\t\t\t\t\t\t    \t            <a\n            href=\"https:\/\/phanquangthuan.com\/vi\/transplantation\/\" target=\"_self\"\n            class=\"e-864db0e-61454ad e-button-base\"\n            data-interaction-id=\"864db0e\"\n             \n        >\n            &nbsp; &nbsp; &nbsp; &nbsp; &nbsp; &nbsp; &nbsp; &nbsp; Learn More \u2192\n        <\/a>\n    \t\t\t\t\t<\/div>\n\t\t\t\t<\/div>\n\t\t<div data-aos=\"fade-up\" class=\"hostinger-elementor-aos elementor-element elementor-element-e6233fe e-grid e-con-boxed e-con e-parent\" data-id=\"e6233fe\" data-element_type=\"container\" data-e-type=\"container\">\n\t\t\t\t\t<div class=\"e-con-inner\">\n\t\t\t\t\t\t\t<h2 \n\t\tdata-interaction-id=\"921f1ec\" \n\t\tclass=\"e-heading-base\" \n\t\t \n\t\t\n\t>\n\t\n\t\t\t<a \n\t\t\thref=\"https:\/\/phanquangthuan.com\/vi\/mechanical-circulatory-support\/\" target=\"_self\"\n\t\t\tclass=\"e-heading-link-base\">\n\t\t\tMechanical Circulatory Support\n\t\t<\/a>\n\t\t<\/h2>\n\t\t\t\t\t\t\t\n\t\t\t\t<a\n\t\t\thref=\"https:\/\/phanquangthuan.com\/vi\/mechanical-circulatory-support\/\" target=\"_self\"\n\t\t\tclass=\"e-image-link-base\"\n\t\t\tdata-interaction-id=\"4b4ac46\"\n\t\t>\n\t\t<img class=\"e-image-base\" \n\t\t\t\t\tdata-interaction-id=\"4b4ac46\" \n\t\t \n\t\t \n\t\t\t\t\t\t\t\t\tid=\"242\"\n\t\t\t\t\t\t\t\t\t\t\t\tsrc=\"https:\/\/phanquangthuan.com\/wp-content\/uploads\/2026\/05\/ab52ae87d6e2b7b265d4d9e4f2146042edb175a2.png\"\n\t\t\t\t\t\t\t\t\t\t\t\twidth=\"963\"\n\t\t\t\t\t\t\t\t\t\t\t\theight=\"595\"\n\t\t\t\t\t\t\t\t\t\t\t\tsrcset=\"https:\/\/phanquangthuan.com\/wp-content\/uploads\/2026\/05\/ab52ae87d6e2b7b265d4d9e4f2146042edb175a2.png 963w, https:\/\/phanquangthuan.com\/wp-content\/uploads\/2026\/05\/ab52ae87d6e2b7b265d4d9e4f2146042edb175a2-300x185.png 300w, https:\/\/phanquangthuan.com\/wp-content\/uploads\/2026\/05\/ab52ae87d6e2b7b265d4d9e4f2146042edb175a2-768x475.png 768w, https:\/\/phanquangthuan.com\/wp-content\/uploads\/2026\/05\/ab52ae87d6e2b7b265d4d9e4f2146042edb175a2-18x12.png 18w\"\n\t\t\t\t\t\t\t\t\t\t\t\talt=\"\"\n\t\t\t\t\t\t\/>\n\t\t\t<\/a>\n\t\t\t\t\t\t    \t            <a\n            href=\"https:\/\/phanquangthuan.com\/vi\/mechanical-circulatory-support\/\" target=\"_self\"\n            class=\"e-a325dea-5c5c7a2 e-button-base\"\n            data-interaction-id=\"a325dea\"\n             \n        >\n            &nbsp; &nbsp; &nbsp; &nbsp; &nbsp; Learn More \u2192\n        <\/a>\n    \t\t\t\t\t<\/div>\n\t\t\t\t<\/div>\n\t\t<div data-aos=\"fade-up\" class=\"hostinger-elementor-aos elementor-element elementor-element-bc25286 e-grid e-con-boxed e-con e-parent\" data-id=\"bc25286\" data-element_type=\"container\" data-e-type=\"container\">\n\t\t\t\t\t<div class=\"e-con-inner\">\n\t\t\t\t\t\t\t<h2 \n\t\tdata-interaction-id=\"ed18e4d\" \n\t\tclass=\"e-heading-base\" \n\t\t \n\t\t\n\t>\n\t\n\t\t\t<a \n\t\t\thref=\"https:\/\/phanquangthuan.com\/vi\/postoperative-care\/\" target=\"_self\"\n\t\t\tclass=\"e-heading-link-base\">\n\t\t\tPostoperative Care\n\t\t<\/a>\n\t\t<\/h2>\n\t\t\t\t\t\t\t\n\t\t\t\t<a\n\t\t\thref=\"https:\/\/phanquangthuan.com\/vi\/postoperative-care\/\" target=\"_self\"\n\t\t\tclass=\"e-image-link-base\"\n\t\t\tdata-interaction-id=\"cdacdf3\"\n\t\t>\n\t\t<img class=\"e-image-base\" \n\t\t\t\t\tdata-interaction-id=\"cdacdf3\" \n\t\t \n\t\t \n\t\t\t\t\t\t\t\t\tid=\"247\"\n\t\t\t\t\t\t\t\t\t\t\t\tsrc=\"https:\/\/phanquangthuan.com\/wp-content\/uploads\/2026\/05\/98678e9e-8af5-4ab7-bfc8-7cb022cdd14d.png\"\n\t\t\t\t\t\t\t\t\t\t\t\twidth=\"1402\"\n\t\t\t\t\t\t\t\t\t\t\t\theight=\"1122\"\n\t\t\t\t\t\t\t\t\t\t\t\tsrcset=\"https:\/\/phanquangthuan.com\/wp-content\/uploads\/2026\/05\/98678e9e-8af5-4ab7-bfc8-7cb022cdd14d.png 1402w, https:\/\/phanquangthuan.com\/wp-content\/uploads\/2026\/05\/98678e9e-8af5-4ab7-bfc8-7cb022cdd14d-300x240.png 300w, https:\/\/phanquangthuan.com\/wp-content\/uploads\/2026\/05\/98678e9e-8af5-4ab7-bfc8-7cb022cdd14d-1024x819.png 1024w, https:\/\/phanquangthuan.com\/wp-content\/uploads\/2026\/05\/98678e9e-8af5-4ab7-bfc8-7cb022cdd14d-768x615.png 768w, https:\/\/phanquangthuan.com\/wp-content\/uploads\/2026\/05\/98678e9e-8af5-4ab7-bfc8-7cb022cdd14d-15x12.png 15w\"\n\t\t\t\t\t\t\t\t\t\t\t\talt=\"\"\n\t\t\t\t\t\t\/>\n\t\t\t<\/a>\n\t\t\t\t\t\t    \t            <a\n            href=\"https:\/\/phanquangthuan.com\/vi\/postoperative-care\/\" target=\"_self\"\n            class=\"e-bc49fee-70cc1c7 e-button-base\"\n            data-interaction-id=\"bc49fee\"\n             \n        >\n            &nbsp; Learn More \u2192\n        <\/a>\n    \t\t\t\t\t<\/div>\n\t\t\t\t<\/div>\n\t\t<div data-aos=\"fade-up\" class=\"hostinger-elementor-aos elementor-element elementor-element-6beeef1 e-grid e-con-boxed e-con e-parent\" data-id=\"6beeef1\" data-element_type=\"container\" data-e-type=\"container\">\n\t\t\t\t\t<div class=\"e-con-inner\">\n\t\t\t\t\t\t\t<h2 \n\t\tdata-interaction-id=\"882151b\" \n\t\tclass=\"e-heading-base\" \n\t\t \n\t\t\n\t>\n\t\n\t\t\t<a \n\t\t\thref=\"https:\/\/phanquangthuan.com\/vi\/patient-education\/\" target=\"_self\"\n\t\t\tclass=\"e-heading-link-base\">\n\t\t\tPatient Education\n\t\t<\/a>\n\t\t<\/h2>\n\t\t\t\t\t\t\t\n\t\t\t\t<a\n\t\t\thref=\"https:\/\/phanquangthuan.com\/vi\/patient-education\/\" target=\"_self\"\n\t\t\tclass=\"e-image-link-base\"\n\t\t\tdata-interaction-id=\"62857ff\"\n\t\t>\n\t\t<img class=\"e-image-base\" \n\t\t\t\t\tdata-interaction-id=\"62857ff\" \n\t\t \n\t\t \n\t\t\t\t\t\t\t\t\tid=\"251\"\n\t\t\t\t\t\t\t\t\t\t\t\tsrc=\"https:\/\/phanquangthuan.com\/wp-content\/uploads\/2026\/05\/doctor-listening-older-woman-G-1365582872.jpg\"\n\t\t\t\t\t\t\t\t\t\t\t\twidth=\"2105\"\n\t\t\t\t\t\t\t\t\t\t\t\theight=\"1424\"\n\t\t\t\t\t\t\t\t\t\t\t\tsrcset=\"https:\/\/phanquangthuan.com\/wp-content\/uploads\/2026\/05\/doctor-listening-older-woman-G-1365582872.jpg 2105w, https:\/\/phanquangthuan.com\/wp-content\/uploads\/2026\/05\/doctor-listening-older-woman-G-1365582872-300x203.jpg 300w, https:\/\/phanquangthuan.com\/wp-content\/uploads\/2026\/05\/doctor-listening-older-woman-G-1365582872-1024x693.jpg 1024w, https:\/\/phanquangthuan.com\/wp-content\/uploads\/2026\/05\/doctor-listening-older-woman-G-1365582872-768x520.jpg 768w, https:\/\/phanquangthuan.com\/wp-content\/uploads\/2026\/05\/doctor-listening-older-woman-G-1365582872-1536x1039.jpg 1536w, https:\/\/phanquangthuan.com\/wp-content\/uploads\/2026\/05\/doctor-listening-older-woman-G-1365582872-2048x1385.jpg 2048w, https:\/\/phanquangthuan.com\/wp-content\/uploads\/2026\/05\/doctor-listening-older-woman-G-1365582872-18x12.jpg 18w\"\n\t\t\t\t\t\t\t\t\t\t\t\talt=\"\"\n\t\t\t\t\t\t\/>\n\t\t\t<\/a>\n\t\t\t\t\t\t    \t            <a\n            href=\"https:\/\/phanquangthuan.com\/vi\/patient-education\/\" target=\"_self\"\n            class=\"e-cf73471-9ea4dd2 e-button-base\"\n            data-interaction-id=\"cf73471\"\n             \n        >\n            &nbsp; Learn More \u2192\n        <\/a>\n    \t\t\t\t\t<\/div>\n\t\t\t\t<\/div>\n\t\t<div data-aos=\"fade-up\" class=\"hostinger-elementor-aos elementor-element elementor-element-c639ece e-grid e-con-boxed e-con e-parent\" data-id=\"c639ece\" data-element_type=\"container\" data-e-type=\"container\">\n\t\t\t\t\t<div class=\"e-con-inner\">\n\t\t\t\t\t\t\t<h2 \n\t\tdata-interaction-id=\"dc5ffd0\" \n\t\tclass=\"e-heading-base\" \n\t\t \n\t\t\n\t>\n\t\n\t\t\t<a \n\t\t\thref=\"https:\/\/phanquangthuan.com\/vi\/frequently-asked-questions\/\" target=\"_self\"\n\t\t\tclass=\"e-heading-link-base\">\n\t\t\tFrequently Asked Questions\n\t\t<\/a>\n\t\t<\/h2>\n\t\t\t\t\t\t\t\n\t\t\t\t<a\n\t\t\thref=\"https:\/\/phanquangthuan.com\/vi\/frequently-asked-questions\/\" target=\"_self\"\n\t\t\tclass=\"e-image-link-base\"\n\t\t\tdata-interaction-id=\"595e91e\"\n\t\t>\n\t\t<img class=\"e-image-base\" \n\t\t\t\t\tdata-interaction-id=\"595e91e\" \n\t\t \n\t\t \n\t\t\t\t\t\t\t\t\tid=\"255\"\n\t\t\t\t\t\t\t\t\t\t\t\tsrc=\"https:\/\/phanquangthuan.com\/wp-content\/uploads\/2026\/05\/frequently-asked-questions-faqs-letters-isolated-on-yellow-background-with-magnifying-glass-symbol-searching-for-solutions-useful-information-customer-support-problem-solving-vector.jpg\"\n\t\t\t\t\t\t\t\t\t\t\t\twidth=\"1470\"\n\t\t\t\t\t\t\t\t\t\t\t\theight=\"980\"\n\t\t\t\t\t\t\t\t\t\t\t\tsrcset=\"https:\/\/phanquangthuan.com\/wp-content\/uploads\/2026\/05\/frequently-asked-questions-faqs-letters-isolated-on-yellow-background-with-magnifying-glass-symbol-searching-for-solutions-useful-information-customer-support-problem-solving-vector.jpg 1470w, https:\/\/phanquangthuan.com\/wp-content\/uploads\/2026\/05\/frequently-asked-questions-faqs-letters-isolated-on-yellow-background-with-magnifying-glass-symbol-searching-for-solutions-useful-information-customer-support-problem-solving-vector-300x200.jpg 300w, https:\/\/phanquangthuan.com\/wp-content\/uploads\/2026\/05\/frequently-asked-questions-faqs-letters-isolated-on-yellow-background-with-magnifying-glass-symbol-searching-for-solutions-useful-information-customer-support-problem-solving-vector-1024x683.jpg 1024w, https:\/\/phanquangthuan.com\/wp-content\/uploads\/2026\/05\/frequently-asked-questions-faqs-letters-isolated-on-yellow-background-with-magnifying-glass-symbol-searching-for-solutions-useful-information-customer-support-problem-solving-vector-768x512.jpg 768w, https:\/\/phanquangthuan.com\/wp-content\/uploads\/2026\/05\/frequently-asked-questions-faqs-letters-isolated-on-yellow-background-with-magnifying-glass-symbol-searching-for-solutions-useful-information-customer-support-problem-solving-vector-18x12.jpg 18w\"\n\t\t\t\t\t\t\t\t\t\t\t\talt=\"\"\n\t\t\t\t\t\t\/>\n\t\t\t<\/a>\n\t\t\t\t\t\t    \t            <a\n            href=\"https:\/\/phanquangthuan.com\/vi\/frequently-asked-questions\/\" target=\"_self\"\n            class=\"e-9d3429e-efce8fa e-button-base\"\n            data-interaction-id=\"9d3429e\"\n             \n        >\n            &nbsp; Learn More \u2192\n        <\/a>\n    \t\t\t\t\t<\/div>\n\t\t\t\t<\/div>\n\t\t\t\t<\/div>","protected":false},"excerpt":{"rendered":"<p>\u00a0 \u00a0 HEALTH LIBRARY This section provides educational materials for patients, families, students, and healthcare professionals. The content focuses on cardiovascular health, heart valve disease, aortic disease, minimally invasive cardiac surgery, heart transplantation, mechanical circulatory support, postoperative recovery, and general patient education. The information is intended for educational purposes only and does not replace individual [&hellip;]<\/p>\n","protected":false},"author":1,"featured_media":0,"parent":0,"menu_order":0,"comment_status":"closed","ping_status":"closed","template":"","meta":{"footnotes":""},"class_list":["post-201","page","type-page","status-publish","hentry"],"_hostinger_reach_plugin_has_subscription_block":false,"_hostinger_reach_plugin_is_elementor":false,"_links":{"self":[{"href":"https:\/\/phanquangthuan.com\/vi\/wp-json\/wp\/v2\/pages\/201","targetHints":{"allow":["GET"]}}],"collection":[{"href":"https:\/\/phanquangthuan.com\/vi\/wp-json\/wp\/v2\/pages"}],"about":[{"href":"https:\/\/phanquangthuan.com\/vi\/wp-json\/wp\/v2\/types\/page"}],"author":[{"embeddable":true,"href":"https:\/\/phanquangthuan.com\/vi\/wp-json\/wp\/v2\/users\/1"}],"replies":[{"embeddable":true,"href":"https:\/\/phanquangthuan.com\/vi\/wp-json\/wp\/v2\/comments?post=201"}],"version-history":[{"count":26,"href":"https:\/\/phanquangthuan.com\/vi\/wp-json\/wp\/v2\/pages\/201\/revisions"}],"predecessor-version":[{"id":258,"href":"https:\/\/phanquangthuan.com\/vi\/wp-json\/wp\/v2\/pages\/201\/revisions\/258"}],"wp:attachment":[{"href":"https:\/\/phanquangthuan.com\/vi\/wp-json\/wp\/v2\/media?parent=201"}],"curies":[{"name":"wp","href":"https:\/\/api.w.org\/{rel}","templated":true}]}}